{"id":770,"date":"2013-02-14T19:14:16","date_gmt":"2013-02-14T18:14:16","guid":{"rendered":"http:\/\/galants.nu\/?page_id=770"},"modified":"2026-04-16T12:31:33","modified_gmt":"2026-04-16T10:31:33","slug":"hundar-jag-minns","status":"publish","type":"page","link":"https:\/\/galants.nu\/?page_id=770","title":{"rendered":"Hundar jag minns"},"content":{"rendered":"\n<p>\u00c4lskade Maggie somnade in  2 februari 2026. I n\u00e4stan 13 \u00e5r var du min klippa. Min Rallystj\u00e4rna.<\/p>\n\n\n\n<figure class=\"wp-block-image size-full\"><a href=\"https:\/\/galants.nu\/wp-content\/uploads\/2026\/04\/FB_IMG_1758738618668.jpg\"><img loading=\"lazy\" decoding=\"async\" width=\"556\" height=\"960\" src=\"https:\/\/galants.nu\/wp-content\/uploads\/2026\/04\/FB_IMG_1758738618668.jpg\" alt=\"\" class=\"wp-image-2113\" srcset=\"https:\/\/galants.nu\/wp-content\/uploads\/2026\/04\/FB_IMG_1758738618668.jpg 556w, https:\/\/galants.nu\/wp-content\/uploads\/2026\/04\/FB_IMG_1758738618668-174x300.jpg 174w\" sizes=\"auto, (max-width: 556px) 100vw, 556px\" \/><\/a><\/figure>\n\n\n\n<p>Min fina lilla Loppan somnade in 17 september 2025. Hon fattas mig.<\/p>\n\n\n\n<figure class=\"wp-block-image size-large\"><a href=\"https:\/\/galants.nu\/wp-content\/uploads\/2026\/04\/DSC2599-scaled.jpg\"><img loading=\"lazy\" decoding=\"async\" width=\"1024\" height=\"683\" src=\"https:\/\/galants.nu\/wp-content\/uploads\/2026\/04\/DSC2599-1024x683.jpg\" alt=\"\" class=\"wp-image-2115\" srcset=\"https:\/\/galants.nu\/wp-content\/uploads\/2026\/04\/DSC2599-1024x683.jpg 1024w, https:\/\/galants.nu\/wp-content\/uploads\/2026\/04\/DSC2599-300x200.jpg 300w, https:\/\/galants.nu\/wp-content\/uploads\/2026\/04\/DSC2599-768x513.jpg 768w, https:\/\/galants.nu\/wp-content\/uploads\/2026\/04\/DSC2599-1536x1025.jpg 1536w\" sizes=\"auto, (max-width: 1024px) 100vw, 1024px\" \/><\/a><\/figure>\n\n\n\n<p><\/p>\n\n\n\n<p>_________________________________________________________________<\/p>\n\n\n\n<p>Vackra o fina Ebba har fick somna in 23 augusti 2024. Saknar henne obeskrivligt. <\/p>\n\n\n\n<figure class=\"wp-block-image size-large\"><a href=\"https:\/\/galants.nu\/wp-content\/uploads\/2025\/10\/DSC2606-scaled-1.jpg\"><img loading=\"lazy\" decoding=\"async\" width=\"1024\" height=\"684\" src=\"https:\/\/galants.nu\/wp-content\/uploads\/2025\/10\/DSC2606-scaled-1-1024x684.jpg\" alt=\"\" class=\"wp-image-2079\" srcset=\"https:\/\/galants.nu\/wp-content\/uploads\/2025\/10\/DSC2606-scaled-1-1024x684.jpg 1024w, https:\/\/galants.nu\/wp-content\/uploads\/2025\/10\/DSC2606-scaled-1-300x200.jpg 300w, https:\/\/galants.nu\/wp-content\/uploads\/2025\/10\/DSC2606-scaled-1-768x513.jpg 768w, https:\/\/galants.nu\/wp-content\/uploads\/2025\/10\/DSC2606-scaled-1-1536x1025.jpg 1536w, https:\/\/galants.nu\/wp-content\/uploads\/2025\/10\/DSC2606-scaled-1-2048x1367.jpg 2048w\" sizes=\"auto, (max-width: 1024px) 100vw, 1024px\" \/><\/a><\/figure>\n\n\n\n<p>                                 Livet g\u00e5r vidare  men det blir aldrig detsamma mer<\/p>\n\n\n\n<p>_________________________________________________________________<\/p>\n\n\n\n<figure class=\"wp-block-image size-large\"><a href=\"https:\/\/galants.nu\/wp-content\/uploads\/2026\/04\/FB_IMG_1738665364277.jpg\"><img loading=\"lazy\" decoding=\"async\" width=\"576\" height=\"1024\" src=\"https:\/\/galants.nu\/wp-content\/uploads\/2026\/04\/FB_IMG_1738665364277-576x1024.jpg\" alt=\"\" class=\"wp-image-2114\" srcset=\"https:\/\/galants.nu\/wp-content\/uploads\/2026\/04\/FB_IMG_1738665364277-576x1024.jpg 576w, https:\/\/galants.nu\/wp-content\/uploads\/2026\/04\/FB_IMG_1738665364277-169x300.jpg 169w, https:\/\/galants.nu\/wp-content\/uploads\/2026\/04\/FB_IMG_1738665364277-768x1365.jpg 768w, https:\/\/galants.nu\/wp-content\/uploads\/2026\/04\/FB_IMG_1738665364277-864x1536.jpg 864w, https:\/\/galants.nu\/wp-content\/uploads\/2026\/04\/FB_IMG_1738665364277.jpg 1080w\" sizes=\"auto, (max-width: 576px) 100vw, 576px\" \/><\/a><\/figure>\n\n\n\n<p>-Min fina Hippie fick somna in den 31 augusti 2023. Det finns inga ord som kan beskriva hur mycket hon betyder f\u00f6r mig. Helt underbar o bara min. Hon var min hj\u00e4rtehund.                                 Jag har varit med om dig, jag kan aldrig f\u00f6rlora dig. <\/p>\n\n\n\n<p>                                  ____________________________________<\/p>\n\n\n\n<p><\/p>\n\n\n\n<figure class=\"wp-block-image size-large\"><a href=\"https:\/\/galants.nu\/wp-content\/uploads\/2025\/10\/IMG_2100-scaled.jpg\"><img loading=\"lazy\" decoding=\"async\" width=\"1024\" height=\"683\" src=\"https:\/\/galants.nu\/wp-content\/uploads\/2025\/10\/IMG_2100-1024x683.jpg\" alt=\"\" class=\"wp-image-2084\" srcset=\"https:\/\/galants.nu\/wp-content\/uploads\/2025\/10\/IMG_2100-1024x683.jpg 1024w, https:\/\/galants.nu\/wp-content\/uploads\/2025\/10\/IMG_2100-300x200.jpg 300w, https:\/\/galants.nu\/wp-content\/uploads\/2025\/10\/IMG_2100-768x512.jpg 768w, https:\/\/galants.nu\/wp-content\/uploads\/2025\/10\/IMG_2100-1536x1024.jpg 1536w, https:\/\/galants.nu\/wp-content\/uploads\/2025\/10\/IMG_2100-2048x1365.jpg 2048w\" sizes=\"auto, (max-width: 1024px) 100vw, 1024px\" \/><\/a><\/figure>\n\n\n<p style=\"text-align: center;\">Den 13 oktober 2014 fick\u00a0Plums somna in lugnt o stilla. Hon har varit en helt underbar hund. Hon gjorde helhj\u00e4rtat\u00a0 allt jag bad henne om, och var alltid glad o v\u00e4nlig.\u00a0Som valpfostrare var hon helt suver\u00e4n.<\/p>\n<p style=\"text-align: center;\"><img loading=\"lazy\" decoding=\"async\" class=\"size-medium wp-image-1208 alignnone\" src=\"https:\/\/galants.nu\/wp-content\/uploads\/2013\/02\/IMG_0619-Plums-200x300.jpg\" alt=\"IMG_0619 Plums\" width=\"200\" height=\"300\" \/><\/p>\n<p style=\"text-align: center;\">Jag minns dig som en stj\u00e4rna, en saga, en s\u00e5ng,<br \/>Gustaf Fr\u00f6ding<\/p>\n<p style=\"text-align: center;\">__________________<\/p>\n<p style=\"text-align: center;\">Idag den 23 april 2014 var jag tvungen att ta farv\u00e4l av min lilla Mimmi, min k\u00e4mpe.<br \/>Nu slipper du ha ont mer.<\/p>\n<div id=\"attachment_1122\" style=\"width: 310px\" class=\"wp-caption aligncenter\"><img loading=\"lazy\" decoding=\"async\" aria-describedby=\"caption-attachment-1122\" class=\"size-medium wp-image-1122\" src=\"https:\/\/galants.nu\/wp-content\/uploads\/2013\/02\/100_1508-300x200.jpg\" alt=\"Galants Brown sugar\" width=\"300\" height=\"200\" srcset=\"https:\/\/galants.nu\/wp-content\/uploads\/2013\/02\/100_1508-300x200.jpg 300w, https:\/\/galants.nu\/wp-content\/uploads\/2013\/02\/100_1508-1024x682.jpg 1024w\" sizes=\"auto, (max-width: 300px) 100vw, 300px\" \/><p id=\"caption-attachment-1122\" class=\"wp-caption-text\">Galants Brown sugar<\/p><\/div>\n<p style=\"text-align: center;\">&#8221;Ibland liksom hejdar sig tiden ett slag och n\u00e5got alldeles ov\u00e4ntat sker.V\u00e4rlden f\u00f6r\u00e4ndrar sig varje dag men ibland blir den aldrig densamma mer&#8221;. Alf Henriksson<\/p>\n<p>_______________________________________________________<\/p>\n<p style=\"text-align: center;\">Idag den 14 februari 2013 fick min Vackra Anna somna in lugnt och v\u00e4rdigt.<br \/>Saknaden och tomheten efter henne \u00e4r obeskrivlig.<\/p>\n<div id=\"attachment_772\" style=\"width: 210px\" class=\"wp-caption aligncenter\"><img loading=\"lazy\" decoding=\"async\" aria-describedby=\"caption-attachment-772\" class=\"size-medium wp-image-772\" src=\"https:\/\/galants.nu\/wp-content\/uploads\/2013\/02\/IMG_9178-200x300.jpg\" alt=\"Riddarens Vackra Anna\" width=\"200\" height=\"300\" srcset=\"https:\/\/galants.nu\/wp-content\/uploads\/2013\/02\/IMG_9178-200x300.jpg 200w, https:\/\/galants.nu\/wp-content\/uploads\/2013\/02\/IMG_9178.jpg 427w\" sizes=\"auto, (max-width: 200px) 100vw, 200px\" \/><p id=\"caption-attachment-772\" class=\"wp-caption-text\">Riddarens Vackra Anna<\/p><\/div>\n<p style=\"text-align: center;\">D\u00e4r solen l\u00e4gger sitt huvud till att vila<br \/>D\u00e4r kommer jorden att viska ditt namn<\/p>\n\n\n<p><\/p>\n\n\n\n<p><\/p>\n","protected":false},"excerpt":{"rendered":"<p>\u00c4lskade Maggie somnade in 2 februari 2026. I n\u00e4stan 13 \u00e5r var du min klippa. Min Rallystj\u00e4rna. Min fina lilla Loppan somnade in 17 september 2025. Hon fattas mig. _________________________________________________________________ Vackra o fina Ebba har fick somna in 23 augusti &hellip; <a href=\"https:\/\/galants.nu\/?page_id=770\">Forts\u00e4tt l\u00e4sa <span class=\"meta-nav\">&rarr;<\/span><\/a><\/p>\n","protected":false},"author":1,"featured_media":0,"parent":0,"menu_order":90,"comment_status":"closed","ping_status":"closed","template":"onecolumn-page.php","meta":{"footnotes":""},"class_list":["post-770","page","type-page","status-publish","hentry"],"_links":{"self":[{"href":"https:\/\/galants.nu\/index.php?rest_route=\/wp\/v2\/pages\/770","targetHints":{"allow":["GET"]}}],"collection":[{"href":"https:\/\/galants.nu\/index.php?rest_route=\/wp\/v2\/pages"}],"about":[{"href":"https:\/\/galants.nu\/index.php?rest_route=\/wp\/v2\/types\/page"}],"author":[{"embeddable":true,"href":"https:\/\/galants.nu\/index.php?rest_route=\/wp\/v2\/users\/1"}],"replies":[{"embeddable":true,"href":"https:\/\/galants.nu\/index.php?rest_route=%2Fwp%2Fv2%2Fcomments&post=770"}],"version-history":[{"count":23,"href":"https:\/\/galants.nu\/index.php?rest_route=\/wp\/v2\/pages\/770\/revisions"}],"predecessor-version":[{"id":2117,"href":"https:\/\/galants.nu\/index.php?rest_route=\/wp\/v2\/pages\/770\/revisions\/2117"}],"wp:attachment":[{"href":"https:\/\/galants.nu\/index.php?rest_route=%2Fwp%2Fv2%2Fmedia&parent=770"}],"curies":[{"name":"wp","href":"https:\/\/api.w.org\/{rel}","templated":true}]}}