{"id":502,"date":"2012-05-26T16:12:58","date_gmt":"2012-05-26T14:12:58","guid":{"rendered":"http:\/\/galants.nu\/?page_id=502"},"modified":"2014-01-23T19:38:42","modified_gmt":"2014-01-23T18:38:42","slug":"hane-eller-tik","status":"publish","type":"page","link":"https:\/\/galants.nu\/?page_id=502","title":{"rendered":"Hane eller Tik\/ Kastrering av hanhund"},"content":{"rendered":"<p><strong><em>Skillnaden mellan hane och tik!<\/em><\/strong><\/p>\n<p><strong><em>Hos den Dansk\/Svenska g\u00e5rdshunden \u00e4r skillnaden i beteende hos hane och tik inte s\u00e4rskilt stor (d\u00e4remot \u00e4r de utseendem\u00e4ssiga skillnaderna p\u00e5tagliga). Inom m\u00e5nga andra raser \u00e4r det vanligt f\u00f6rekommande att hanhunden \u00e4r h\u00e5rdare, livligare, mindre kelen och framf\u00f6rallt sv\u00e5rare att fostra &#8211; speciellt n\u00e4r de blir k\u00f6nsmogna. F\u00f6r rasen Dansk\/Svensk g\u00e5rdshund \u00e4r det inte p\u00e5 det viset.<\/em><\/strong><br \/>\n<strong><em> F\u00f6r att underl\u00e4tta valet av k\u00f6n p\u00e5 den tillt\u00e4nkta hunden har jag skrivit ner n\u00e5gra saker som kan vara bra att t\u00e4nka p\u00e5. H\u00e4r ing\u00e5r \u00e4ven n\u00e5gra vanligt f\u00f6rekommande fr\u00e5gor jag ofta f\u00e5r av valpk\u00f6pare. Uppgifterna \u00e4r baserade p\u00e5 information och upplevelser av valpk\u00f6pare och g\u00e5rdshunds\u00e4gare med olika bakgrund och skiftande bostadsmilj\u00f6er.<\/em><\/strong><br \/>\n<strong><em> En vanlig fr\u00e5ga \u00e4r hur hanhunden reagerar n\u00e4r tikar i grannskapet\/n\u00e4rheten l\u00f6per. En hanhund k\u00e4nner p\u00e5 l\u00e5ngt h\u00e5ll n\u00e4r en tik l\u00f6per men exakt hur hunden reagerar p\u00e5 doften \u00e4r till stor del beroende p\u00e5 individen. Det finns hanhundar som \u00e4r helt ober\u00f6rda \u00e4nda till den dagen tiken h\u00f6gl\u00f6per och f\u00f6rst d\u00e5 kan reagera med att eventuellt bli oroliga och pipa\/gn\u00e4lla n\u00e5got. Det finns ocks\u00e5 hanhundar som \u00e4r v\u00e4ldigt k\u00e4nsliga och de kan under tikarnas l\u00f6p-period ha sv\u00e5rt att slappna av, vissa kan till och med sluta \u00e4ta. Vilken personlighet en hanvalp eventuellt kommer att f\u00e5 i framtiden \u00e4r v\u00e4ldigt sv\u00e5rt att s\u00e4ga innan valpen \u00e4r k\u00f6nsmogen. Generellt sett \u00e4r inte den Dansk\/Svenska g\u00e5rdshunden en testosteronstinn och h\u00e5rt k\u00f6nsdriven ras utan hanar o tikar har oftast en m\u00e5ttlig k\u00f6nsdrift.<\/em><\/strong><br \/>\n<strong><em> Bor man i hyreshus och det finns fler hundar i huset och dessa \u00e4r tikar som l\u00f6per med j\u00e4mna mellanrum \u00e5ret om, s\u00e5 blir denna milj\u00f6 klart p\u00e5frestande f\u00f6r en hanhund och i det fallet kanske det \u00e4r b\u00e4ttre att v\u00e4lja en tik. Bor man p\u00e5 g\u00e5rd och har t\u00e4nkt ha hunden g\u00e5ende l\u00f6s p\u00e5 g\u00e5rden, men har granng\u00e5rdar med tikar, s\u00e5 kanske det \u00e4ven i denna situation kan vara l\u00e4ttare med en tik.<\/em><\/strong><br \/>\n<strong><em> Bor man i radhus eller frist\u00e5ende hus brukar det finnas hundar av b\u00e4gge k\u00f6nen boende runt omkring och vanligtvis inte spela s\u00e5 stor roll vilket k\u00f6n man v\u00e4ljer, det brukar g\u00e5 lika bra med hane som tik. Man f\u00e5r heller inte gl\u00f6mma att \u00e4ven tiken kan ge sig iv\u00e4g ut f\u00f6r att &#8221;fria&#8221; under l\u00f6p-perioden. Det \u00e4r inte bara hanar som &#8221;r\u00e4nner&#8221; utan \u00e4ven tikar kan ta sig en tur ut i det fria.<\/em><\/strong><br \/>\n<strong><em> N\u00e4r det g\u00e4ller kissandet och antalet g\u00e5nger under promenaden \u00e4r det ofta s\u00e5 att hanen lyfter p\u00e5 benet vid diverse v\u00e4ldoftande f\u00f6rem\u00e5l som tex. lyktstolpar, h\u00e4ckar och tr\u00e4d, medan tiken n\u00f6jer sig med att kissa n\u00e5gon eller n\u00e5gra g\u00e5nger under promenaden. Det finns ocks\u00e5 tikar som kissar lika mycket\/m\u00e5nga g\u00e5nger som en hanhund under promenaden, s\u00e5 upplever man det jobbigt med en hanhund som stannar och kissar \u00f6verallt och d\u00e4rf\u00f6r v\u00e4ljer en tik,ska man vara medveten om att det finns en viss risk att f\u00e5 en tik som kissar lika mycket som en hanhund. Kissar, spr\u00e4tter\/krafsar med fram &#8211; bakbenen och m\u00e4rker revir g\u00f6r b\u00e4gge k\u00f6nen. En del tikar kan under l\u00f6p-perioden bli tr\u00f6tta, nedst\u00e4mda och &#8221;l\u00e5ga&#8221; i s\u00e4ttet, vissa hund\u00e4gare upplever ocks\u00e5 att tikarna f\u00e5r n\u00e5gon form av depression. Ca 2 m\u00e5nader efter l\u00f6p-perioden ( n\u00e4r valparna skulle ha f\u00f6tts om tiken hade parats) kan det uppst\u00e5 en form av skendr\u00e4ktighet hos tiken, som resulterar i att hon vill g\u00f6mma undan saker som hon &#8221;tror&#8221; \u00e4r valpar. Det kan vara en leksak, ett koppel eller n\u00e5got kl\u00e4desplagg. En del tikar samlar saker som de sedan l\u00e4gger sig p\u00e5 och likt en h\u00f6na ruvar \u00f6ver.<\/em><\/strong><br \/>\n<strong><em> Som ni s\u00e4kert m\u00e4rkt finns det f\u00f6r och nackdelar med b\u00e4gge k\u00f6nen och vilket man ska v\u00e4lja beror till en del hur man tex bor, lever eller om man redan har hund i familjen och k\u00f6net p\u00e5 den. Har man t\u00e4nkt t\u00e4vla lydnad, agility eller sp\u00e5r g\u00e5r det lika bra med b\u00e4gge k\u00f6nen. Vill man bara ha en kelig go familjemedlem g\u00e5r det ocks\u00e5 lika bra med b\u00e4gge k\u00f6nen.<\/em><\/strong><br \/>\n<strong><em> Hanhunden \u00e4r ofta st\u00f6rre o gr\u00f6vre i kroppen \u00e4n vad tiken \u00e4r, men d\u00e5 rasstandarden till\u00e5ter en viss variation i mankh\u00f6jd inneb\u00e4r det att man i slut\u00e4ndan kan f\u00e5\u00a8en stor tik p\u00e5 37 cm likav\u00e4l som en normalstor hane p\u00e5 37 cm.<\/em><\/strong><br \/>\n<strong><em> Slutligen har vi kommit till det h\u00e4r med att komma \u00f6verens med andra hundar och djur. En g\u00e5rdshund brukar inte ha n\u00e5gra st\u00f6rre problem att komma \u00f6verens med djur eller andra hundar och det g\u00e4ller b\u00e5da k\u00f6nen.Men precis som med oss m\u00e4nniskor \u00e4lskar inte alla varandra och f\u00f6ljdaktligen h\u00e5ller inte alla hanar sams\/drar j\u00e4mt och detta brukar passa in \u00e4ven p\u00e5 tikarna. Mycket beror p\u00e5 hunden och hur den \u00e4r uppv\u00e4xt, van att leva och har f\u00f6r m\u00f6jligheter att l\u00e4ra\/l\u00e4sa av kroppsspr\u00e5k mm. Det \u00e4r viktigt att hunden tidigt &#8221;socialtr\u00e4nas&#8221;dvs ges m\u00f6jlighet att under lugna former umg\u00e5s med s\u00e5v\u00e4l andra hundar som m\u00e4nniskor och \u00f6vriga djur.<\/em><\/strong><br \/>\n<strong><em> Jag hoppas att n\u00e5gra av dessa rader kan vara till hj\u00e4lp och v\u00e4gledning vid valet av k\u00f6n p\u00e5 den kommande valpen.<\/em><\/strong><\/p>\n<p><strong><em>Artikeln skriven av Anne Hansson<\/em><\/strong><br \/>\n<strong><em> Avelsr\u00e5d och valph\u00e4nvisare p\u00e5 <\/em><\/strong><br \/>\n<strong><em>Rasklubben f\u00f6r Dansk\/Svensk g\u00e5rdshund<\/em><\/strong><\/p>\n<p>&nbsp;<\/p>\n<p>Direktl\u00e4nk till inl\u00e4gg 27 februari 2013<\/p>\n<h1>F\u00f6rdelar &amp; Nackdelar med kastrering.<\/h1>\n<h1>F\u00f6rr i tiden trodde man att kastrering l\u00f6ste n\u00e4stan alla &#8221;beteendeproblem&#8221; hos hanhundar.<br \/>\nDe allra flesta av beteendeproblem kan inte l\u00f6sas genom kastrering. Trots detta \u00e4r det i stort sett fortfarande rekommenderbart att kastrera hundar.<\/h1>\n<h1>Vad m\u00e5nga inte vet \u00e4r att kastrering genom operation kan orsaka andra problem \u00e4n de vi har h\u00e4r och nu.<br \/>\nD\u00e4rf\u00f6r b\u00f6r du t\u00e4nka p\u00e5 det noga innan du best\u00e4mmer dig f\u00f6r att kastrera din hund.<br \/>\n\u00c4r hunden opererad, s\u00e5 kan det inte g\u00f6ras ogjort sen.<\/h1>\n<h1>Idag vet vi mycket mer om vilka effekter kastrering kan ha p\u00e5 hundar.<br \/>\nNedan \u00e4r n\u00e5gra av de biverkningar som kan uppst\u00e5 efter kastrering &amp; som Ofta uppst\u00e5r:<br \/>\nD\u00e5lig p\u00e4ls<br \/>\n\u00d6vervikt<br \/>\nAggression<br \/>\n\u00d6kad os\u00e4kerhet<br \/>\nKissar inomhus,<br \/>\nBeteendeproblem<br \/>\nAndra hundar kan uppfatta den kastrerade hunden annorlunda med efterf\u00f6ljande aggressivitet<br \/>\nIst\u00e4llet prata med en beteendevetenskaplig person, instrukt\u00f6r om att behandla problemet, f\u00f6r att avg\u00f6ra om det kan l\u00f6sas p\u00e5 ett annat s\u00e4tt \u00e4n genom kastrering.<br \/>\nOm du \u00e4r fast besluten att kastrera din hund, \u00e4r det l\u00e4mpligt att kastrera sin hund kemiskt.<br \/>\nDetta g\u00f6rs genom ett stick i halsen hos veterin\u00e4ren med ett medel som heter Suprelorin.<br \/>\nSuprelorin minskar produktionen av det manliga hormonet testosteron upp till 6 m\u00e5nader.<br \/>\nHar du en unghund, s\u00e5 l\u00e4s avsnittet om kastrering av unga hundar innan du tar st\u00e4llning till om din hund ska kastreras.<\/p>\n<p>Behandling med Suprelorin har ungef\u00e4r samma effekt som kastrering genom operation.<br \/>\nDetta kommer att ge dig en fingervisning om vilken effekt kastrering har p\u00e5 din hund.<br \/>\nFinns det ingen effekt eller om det blir en negativ effekt av behandlingen, s\u00e5 b\u00f6r du <span style=\"text-decoration: underline;\">Inte<\/span> f\u00e5 din hund kastrerad av kirurgiskt ingrepp.<br \/>\nIst\u00e4llet b\u00f6r du kontakta en beteendeterapeut som kan hj\u00e4lpa till med problemet.<br \/>\nFinns det en positiv effekt av behandlingen, s\u00e5 kommer kastrering genom operation sannolikt ha samma effekt som behandling med Suprelorin.<br \/>\nDet \u00e4r viktigt att notera att b\u00e5de kemisk kastrering och kirurgisk kastrering fungerar optimalt ca. 4-8 veckor efter behandlingen \/ kirurgi.<br \/>\nL\u00e4s mer om Suprelorin.<br \/>\nVad h\u00e4nder n\u00e4r hunden \u00e4r kastrerad?<br \/>\nN\u00e4r du kastrerar en hund kemiskt eller genom kirurgi, s\u00e5 vad som h\u00e4nder \u00e4r att produktionen av testosteron slutar ca. 4-8 veckor efter operationen \/ behandlingen.<br \/>\nN\u00e4r produktionen av testosteron stannar av har det f\u00f6ljande effekt p\u00e5 hunden.<\/h1>\n<p>Hundens lukt f\u00f6r\u00e4ndras, s\u00e5 att andra hundar inte kan k\u00e4nna av om det \u00e4r tik eller hane, de tror inte att det luktar hund mer.<br \/>\nDet kan leda till andra hundar (s\u00e4rskilt hannar) kan b\u00f6rja behandla kastrerat handjur d\u00e5ligt, och detta kan leda till att kastrerat handjur faktiskt blir aggressiv mot andra hundar.<br \/>\nI k\u00f6nshormoner, s\u00e4rskilt testosteron, finns det en viss del av hundens f\u00f6rtroende.<br \/>\nDet f\u00f6rtroendet f\u00f6rsvinner genom kastrering, \u00e4r din hund os\u00e4ker p\u00e5 n\u00e5got s\u00e4tt, s\u00e5 finns det en risk att det blir mer os\u00e4kert.<br \/>\nN\u00e4r en hund \u00e4r os\u00e4ker, kan den b\u00f6rja att urinera mer &amp; d\u00e5 inomhus, morra, sk\u00e4lla mer, vara aggressiv och d\u00e4rf\u00f6r kan den bli farlig f\u00f6r omgivningen.<br \/>\nHela hormonbalansen f\u00f6r\u00e4ndras och d\u00e4rigenom \u00e4ndrar ocks\u00e5 metabolismen sj\u00e4lva.<br \/>\nD\u00e4rf\u00f6r kan hunden ha l\u00e4ttare att bli \u00f6verviktig.<br \/>\n\u00d6verviktiga hundar lever i genomsnitt tv\u00e5 \u00e5r kortare \u00e4n hundar med normal vikt.<br \/>\nP\u00e4lsen kan ocks\u00e5 f\u00f6r\u00e4ndras och bli trassligt och tr\u00e5kig, detta g\u00e4ller s\u00e4rskilt till hundarna med lite mer p\u00e4ls. Ex. Spaniels, setter, M\u00fcnsterl\u00e6ndere etc.<\/p>\n<p>Kastrering av unga hundar<br \/>\nHar din hund vuxit upp \u00e4n?<br \/>\nHundar som \u00e4r yngre \u00e4n 1 \u00bd -2 \u00e5r \u00e4r fortfarande unga hundar och deras \u00a0&#8221;ton\u00e5rs period&#8221; d\u00e4r dom kort sagt kan vara om\u00f6jliga, precis som ton\u00e5ringar \u00e4r det.<\/p>\n<p>Ist\u00e4llet f\u00f6r att g\u00f6ra n\u00e5got s\u00e5 drastiskt som att kastrera hunden, v\u00e4nta ut den h\u00e4r perioden &amp; var lite mer tolerant mot din hund. H\u00e5ll den borta fr\u00e5n tr\u00e4ning i n\u00e5gra m\u00e5nader och ge den stabilitet i vardagen, s\u00e5 g\u00e5r ton\u00e5rs perioden oftast bort av sig sj\u00e4lvt.<\/p>\n<p>Kastrering p\u00e5 grund av tikar i l\u00f6ptid.<br \/>\nVuxna hundar (stora hundar \u00f6ver 1 \u00bd \u00e5r, sm\u00e5 hundar \u00f6ver 1 \u00e5r), som <em>inte<\/em> har n\u00e5gra beteendeproblem, men som str\u00f6var runt om i trakten eller som inte kan slappna av i l\u00f6pperioder kan kastrerade med mestadels goda resultat.<\/p>\n<p>Om du har b\u00e5de hanar &amp; tikar i huset och vill undvika valpar, s\u00e5 det finns tre m\u00f6jligheter:<\/p>\n<p>Du kan g\u00f6ra en operation &#8221;vasektomi&#8221;, d\u00e4r man sk\u00e4r av s\u00e4desledarna p\u00e5 hanen och kan d\u00e5 d\u00e4rf\u00f6r inte g\u00f6ra valpar.<\/p>\n<p>Du kan ocks\u00e5 v\u00e4lja att kastrera hanen (kemiska eller kirurgiska), f\u00f6rutsatt att den inte har n\u00e5gra beteendeproblem.<\/p>\n<p>Ett tredje alternativ \u00e4r att f\u00e5 sterilisera tiken.<\/p>\n<p>Prata med din veterin\u00e4r\u00a0 om vilket alternativ som \u00e4r b\u00e4st i din situation.<\/p>\n<p>Kastrering av hyperaktiva, dominerande eller aggressiva hundar<br \/>\nN\u00e4stan alla angrepp p\u00e5 hundar \u00e4r rotad i os\u00e4kerhet, d\u00e5liga erfarenheter med andra hundar, m\u00e4nniskor, etc. Detsamma g\u00e4ller \u00e4ven hos oss m\u00e4nniskor.<\/p>\n<p>Dominans hos hundar \u00e4r praktiskt taget obefintlig, det \u00e4r tyv\u00e4rr ett missf\u00f6rst\u00e5nd som uppstod f\u00f6r m\u00e5nga \u00e5r sedan. Och dominans mellan m\u00e4nniska och hund finns inte eftersom hunden inte ser oss som hundar.<\/p>\n<p>Hundar som inte kan hitta lugn &amp; ro med andra hundar p\u00e5 hundplatser m,m, eller \u00e4r v\u00e5ldsam, aggressiv eller vilda med andra hundar, det skylles vanligtvis p\u00e5 att de \u00e4r ton\u00e5ringar, stressad, orolig, nerv\u00f6s eller liknande.<br \/>\nDe k\u00e4nner att de m\u00e5ste h\u00e5lla ett \u00f6ga p\u00e5 allt &amp; alla och kan inte slappna av.<br \/>\nKastrering \u00e4r inte l\u00f6sningen h\u00e4r.<br \/>\nHunden m\u00e5ste vara lugn och s\u00e5 b\u00f6r du kontakta en beteendeterapeut som kan hj\u00e4lpa dig med din hunds problem.<br \/>\nAggression, dominans, os\u00e4kerhet &#8211; orsak<br \/>\nOm du agerar oklokt sett med hundens \u00f6gon (dvs. fr\u00e5n hundens mycket enkel logik), f\u00f6rlorar den respekt och f\u00f6rtroende f\u00f6r dig och d\u00e4rf\u00f6r uppfattas du som irrationell och i v\u00e4rsta fall op\u00e5litlig hos hunden.<\/p>\n<p>Om den ser dig som orimlig eller op\u00e5litlig, s\u00e5 det b\u00f6rjar den bli instabil i sin omgivning och hunden k\u00e4nner att den m\u00e5ste ta ansvar och omsorg till exempel om\/av sin m\u00e4nskliga familj.<br \/>\nDet \u00e4r i dessa situationer, tyv\u00e4rr vi ofta ser hunden som dominerande.<\/p>\n<p>H\u00e4r ett exempel: Du sk\u00e4ller ut hunden eftersom den har tagit en stor rostbiff som var p\u00e5 bordet &#8230; Hunden krymper ihop sig f\u00f6r dig &#8211; och du uppfattar det som om hunden sk\u00e4ms och d\u00e4rmed motiverar det din handling \u00f6verf\u00f6r hunden &#8230;.<\/p>\n<p>Sett genom hundens \u00f6gon: Det \u00e4r n\u00e5got underbart god mat, jag \u00e4ter det. Hunden blir utsk\u00e4lld, du skriker p\u00e5 den, den hukar sig f\u00f6r \u00a0dig, f\u00f6r det \u00e4r en kraftigt d\u00e4mpande\/lugnande signal p\u00e5 hundspr\u00e5k, den vill att du ska lugna dig, d\u00e4mpa dig, den ber\u00e4ttar f\u00f6r dig att nu \u00e4r du f\u00f6r v\u00e5ldsam.<br \/>\nHunden f\u00f6rst\u00e5r inte att det bord som k\u00f6ttet ligger p\u00e5 \u00e4r bara f\u00f6r m\u00e4nniskor, och att den inte f\u00e5r ta mat d\u00e4rifr\u00e5n. I hundv\u00e4rlden \u00e4r det, ta vad du vill, oavsett om det \u00e4r p\u00e5 ett bord, i en papperskorg, p\u00e5 gr\u00e4set, etc.<br \/>\nKort sagt har kastrering f\u00f6r och nackdelar, och tyv\u00e4rr kan vi inte veta om effekten \u00e4r positiv eller negativ i f\u00f6rv\u00e4g.<\/p>\n<p>Men vad vi vet \u00e4r att kastrering <span style=\"text-decoration: underline;\">inte<\/span> kommer att g\u00f6ra din hund mindre frustrerad, mindre os\u00e4ker eller mindre aggressiv.<\/p>\n<p>T\u00e4nkt Noga igenom ditt val Innan du kastrerar, om vilken metod som passar din hund b\u00e4st!<\/p>\n<ul>\n<li>Texten \u00e4r \u00f6versatt av mig fr\u00e5n sidan <a title=\"http:\/\/hunden.dk\" href=\"http:\/\/hunden.dk\" target=\"_blank\">hunden.dk<\/a><\/li>\n<\/ul>\n<p>http:\/\/www.omhunden.dk\/html\/kastration_af_hunde.html<\/p>\n<p>&nbsp;<\/p>\n","protected":false},"excerpt":{"rendered":"<p>Skillnaden mellan hane och tik! Hos den Dansk\/Svenska g\u00e5rdshunden \u00e4r skillnaden i beteende hos hane och tik inte s\u00e4rskilt stor (d\u00e4remot \u00e4r de utseendem\u00e4ssiga skillnaderna p\u00e5tagliga). Inom m\u00e5nga andra raser \u00e4r det vanligt f\u00f6rekommande att hanhunden \u00e4r h\u00e5rdare, livligare, mindre &hellip; <a href=\"https:\/\/galants.nu\/?page_id=502\">Forts\u00e4tt l\u00e4sa <span class=\"meta-nav\">&rarr;<\/span><\/a><\/p>\n","protected":false},"author":1,"featured_media":0,"parent":0,"menu_order":50,"comment_status":"closed","ping_status":"closed","template":"onecolumn-page.php","meta":{"footnotes":""},"class_list":["post-502","page","type-page","status-publish","hentry"],"_links":{"self":[{"href":"https:\/\/galants.nu\/index.php?rest_route=\/wp\/v2\/pages\/502","targetHints":{"allow":["GET"]}}],"collection":[{"href":"https:\/\/galants.nu\/index.php?rest_route=\/wp\/v2\/pages"}],"about":[{"href":"https:\/\/galants.nu\/index.php?rest_route=\/wp\/v2\/types\/page"}],"author":[{"embeddable":true,"href":"https:\/\/galants.nu\/index.php?rest_route=\/wp\/v2\/users\/1"}],"replies":[{"embeddable":true,"href":"https:\/\/galants.nu\/index.php?rest_route=%2Fwp%2Fv2%2Fcomments&post=502"}],"version-history":[{"count":11,"href":"https:\/\/galants.nu\/index.php?rest_route=\/wp\/v2\/pages\/502\/revisions"}],"predecessor-version":[{"id":1821,"href":"https:\/\/galants.nu\/index.php?rest_route=\/wp\/v2\/pages\/502\/revisions\/1821"}],"wp:attachment":[{"href":"https:\/\/galants.nu\/index.php?rest_route=%2Fwp%2Fv2%2Fmedia&parent=502"}],"curies":[{"name":"wp","href":"https:\/\/api.w.org\/{rel}","templated":true}]}}