{"id":203,"date":"2011-11-14T16:49:21","date_gmt":"2011-11-14T15:49:21","guid":{"rendered":"http:\/\/galants.nu\/?page_id=203"},"modified":"2021-05-26T18:06:25","modified_gmt":"2021-05-26T16:06:25","slug":"om-rasen","status":"publish","type":"page","link":"https:\/\/galants.nu\/?page_id=203","title":{"rendered":"Om Rasen"},"content":{"rendered":"<p>Den dansk\/svenska g\u00e5rdshunden har i hundratals \u00e5r funnits p\u00e5 g\u00e5rdarna runt \u00d6stersj\u00f6n. Framf\u00f6r allt har rasen varit vanlig i s\u00f6dra Sverige och i Danmark. Rasen kallades tidigare Sk\u00e5nsk terrier och R\u00e5ttehund och har framf\u00f6r allt fungerat som r\u00e5ttbek\u00e4mpare och v\u00e4ktare p\u00e5 g\u00e5rdarna, men \u00e4ven anv\u00e4nts som jakthund. Utseendem\u00e4ssigt liknar g\u00e5rdshunden den engelska Jack Russell-terriern, men i s\u00e4ttet \u00e4r g\u00e5rdshunden mildare.<\/p>\n<p style=\"text-align: center;\"><span style=\"color: #808080; font-size: x-small;\">\u00a0<\/span>Den dansk\/svenska g\u00e5rdshunden \u00e4r med sitt praktiska format (32-37 cm h\u00f6g) l\u00e4tt att ta med i bilen, b\u00e5ten, campingvagnen, etc. Rasen trivs med att vara med sin familj &#8211; ensamhet uppskattas inte. G\u00e5rdshunden \u00e4r en trogen kamrat som \u00e4r pigg p\u00e5 \u00e4ventyr, den h\u00e4nger med p\u00e5 l\u00e5nga promenader, jogging-, skid- och ridturer. Det \u00e4r allts\u00e5 ingen soffliggare, men n\u00e4r det \u00e4r dags f\u00f6r vila uppskattas kroppskontakt.<\/p>\n<p>Att krypa ner i s\u00e4ngen under t\u00e4cket \u00e4r inte dumt. G\u00e5rdshunden trivs vanligen med andra hundar, djur och barn. Den tycker om att &#8221;jobba&#8221; och \u00e4r utm\u00e4rkt f\u00f6r aktiviteter som agility, sp\u00e5r, s\u00f6k och lydnad. Den dansk\/svenska g\u00e5rdshunden godk\u00e4ndes sent av Svenska kennelklubben (1987) och har d\u00e4rf\u00f6r inte varit f\u00f6rem\u00e5l f\u00f6r f\u00f6r\u00e4dlingsavel under n\u00e5gon l\u00e4ngre tidsperiod.<\/p>\n","protected":false},"excerpt":{"rendered":"<p>Den dansk\/svenska g\u00e5rdshunden har i hundratals \u00e5r funnits p\u00e5 g\u00e5rdarna runt \u00d6stersj\u00f6n. Framf\u00f6r allt har rasen varit vanlig i s\u00f6dra Sverige och i Danmark. Rasen kallades tidigare Sk\u00e5nsk terrier och R\u00e5ttehund och har framf\u00f6r allt fungerat som r\u00e5ttbek\u00e4mpare och v\u00e4ktare &hellip; <a href=\"https:\/\/galants.nu\/?page_id=203\">Forts\u00e4tt l\u00e4sa <span class=\"meta-nav\">&rarr;<\/span><\/a><\/p>\n","protected":false},"author":1,"featured_media":0,"parent":0,"menu_order":15,"comment_status":"closed","ping_status":"closed","template":"onecolumn-page.php","meta":{"footnotes":""},"class_list":["post-203","page","type-page","status-publish","hentry"],"_links":{"self":[{"href":"https:\/\/galants.nu\/index.php?rest_route=\/wp\/v2\/pages\/203","targetHints":{"allow":["GET"]}}],"collection":[{"href":"https:\/\/galants.nu\/index.php?rest_route=\/wp\/v2\/pages"}],"about":[{"href":"https:\/\/galants.nu\/index.php?rest_route=\/wp\/v2\/types\/page"}],"author":[{"embeddable":true,"href":"https:\/\/galants.nu\/index.php?rest_route=\/wp\/v2\/users\/1"}],"replies":[{"embeddable":true,"href":"https:\/\/galants.nu\/index.php?rest_route=%2Fwp%2Fv2%2Fcomments&post=203"}],"version-history":[{"count":10,"href":"https:\/\/galants.nu\/index.php?rest_route=\/wp\/v2\/pages\/203\/revisions"}],"predecessor-version":[{"id":1759,"href":"https:\/\/galants.nu\/index.php?rest_route=\/wp\/v2\/pages\/203\/revisions\/1759"}],"wp:attachment":[{"href":"https:\/\/galants.nu\/index.php?rest_route=%2Fwp%2Fv2%2Fmedia&parent=203"}],"curies":[{"name":"wp","href":"https:\/\/api.w.org\/{rel}","templated":true}]}}