{"id":12,"date":"2011-09-17T12:27:08","date_gmt":"2011-09-17T12:27:08","guid":{"rendered":"http:\/\/galants.nu\/?page_id=12"},"modified":"2026-04-08T19:01:57","modified_gmt":"2026-04-08T17:01:57","slug":"mina-hundar","status":"publish","type":"page","link":"https:\/\/galants.nu\/?page_id=12","title":{"rendered":"Mina hundar"},"content":{"rendered":"\n<p><\/p>\n\n\n\n<h2 class=\"wp-block-heading\"><\/h2>\n\n\n\n<p class=\"has-text-align-center\"><strong>Galants Anne Linnet<\/strong> <strong>SE50662\/2022<\/strong><\/p>\n\n\n\n<figure class=\"wp-block-image size-full\"><a href=\"https:\/\/galants.nu\/wp-content\/uploads\/2025\/01\/472779279_1387445015756053_7844818889781049018_n.jpg\"><img loading=\"lazy\" decoding=\"async\" width=\"789\" height=\"789\" src=\"https:\/\/galants.nu\/wp-content\/uploads\/2025\/01\/472779279_1387445015756053_7844818889781049018_n.jpg\" alt=\"\" class=\"wp-image-2011\" srcset=\"https:\/\/galants.nu\/wp-content\/uploads\/2025\/01\/472779279_1387445015756053_7844818889781049018_n.jpg 789w, https:\/\/galants.nu\/wp-content\/uploads\/2025\/01\/472779279_1387445015756053_7844818889781049018_n-300x300.jpg 300w, https:\/\/galants.nu\/wp-content\/uploads\/2025\/01\/472779279_1387445015756053_7844818889781049018_n-150x150.jpg 150w, https:\/\/galants.nu\/wp-content\/uploads\/2025\/01\/472779279_1387445015756053_7844818889781049018_n-768x768.jpg 768w\" sizes=\"auto, (max-width: 789px) 100vw, 789px\" \/><\/a><\/figure>\n\n\n\n<p>F\u00f6dd 2022-08-26. Fulltandad, Heredit\u00e4rt fri fr\u00e5n PLL. BPH testad. Utst\u00e4lld med excellent<\/p>\n\n\n\n<p>E. Little Denmark\u00b4s My Miny Stub Butt DK01381\/2016<\/p>\n\n\n\n<p>U. Galants Tant Strul SE17104\/2018<\/p>\n\n\n\n<p>______________________________________________________________<\/p>\n\n\n\n<p>Galants Miss MoneyPenny SE35240\/2023<\/p>\n\n\n\n<figure class=\"wp-block-image size-large\"><a href=\"https:\/\/galants.nu\/wp-content\/uploads\/2025\/10\/Penny-1-10-okt.jpg\"><img loading=\"lazy\" decoding=\"async\" width=\"918\" height=\"1024\" src=\"https:\/\/galants.nu\/wp-content\/uploads\/2025\/10\/Penny-1-10-okt-918x1024.jpg\" alt=\"\" class=\"wp-image-2062\" srcset=\"https:\/\/galants.nu\/wp-content\/uploads\/2025\/10\/Penny-1-10-okt-918x1024.jpg 918w, https:\/\/galants.nu\/wp-content\/uploads\/2025\/10\/Penny-1-10-okt-269x300.jpg 269w, https:\/\/galants.nu\/wp-content\/uploads\/2025\/10\/Penny-1-10-okt-768x856.jpg 768w, https:\/\/galants.nu\/wp-content\/uploads\/2025\/10\/Penny-1-10-okt.jpg 1007w\" sizes=\"auto, (max-width: 918px) 100vw, 918px\" \/><\/a><\/figure>\n\n\n\n<p>F\u00f6dd 2023-06-15. Heredit\u00e4rt fri fr\u00e5n PLL. Fulltandad. BPH beskriven. utst\u00e4lld med excellent Ck<\/p>\n\n\n\n<p>E. Little Denmark\u00b4s Vip Vagabond Viking DK19337\/2020<\/p>\n\n\n\n<p>U. Galants Tant Gr\u00f6n SE51393\/2018<\/p>\n\n\n\n<p><\/p>\n","protected":false},"excerpt":{"rendered":"<p>Galants Anne Linnet SE50662\/2022 F\u00f6dd 2022-08-26. Fulltandad, Heredit\u00e4rt fri fr\u00e5n PLL. BPH testad. Utst\u00e4lld med excellent E. Little Denmark\u00b4s My Miny Stub Butt DK01381\/2016 U. Galants Tant Strul SE17104\/2018 ______________________________________________________________ Galants Miss MoneyPenny SE35240\/2023 F\u00f6dd 2023-06-15. Heredit\u00e4rt fri fr\u00e5n PLL. &hellip; <a href=\"https:\/\/galants.nu\/?page_id=12\">Forts\u00e4tt l\u00e4sa <span class=\"meta-nav\">&rarr;<\/span><\/a><\/p>\n","protected":false},"author":1,"featured_media":0,"parent":0,"menu_order":20,"comment_status":"closed","ping_status":"closed","template":"onecolumn-page.php","meta":{"footnotes":""},"class_list":["post-12","page","type-page","status-publish","hentry"],"_links":{"self":[{"href":"https:\/\/galants.nu\/index.php?rest_route=\/wp\/v2\/pages\/12","targetHints":{"allow":["GET"]}}],"collection":[{"href":"https:\/\/galants.nu\/index.php?rest_route=\/wp\/v2\/pages"}],"about":[{"href":"https:\/\/galants.nu\/index.php?rest_route=\/wp\/v2\/types\/page"}],"author":[{"embeddable":true,"href":"https:\/\/galants.nu\/index.php?rest_route=\/wp\/v2\/users\/1"}],"replies":[{"embeddable":true,"href":"https:\/\/galants.nu\/index.php?rest_route=%2Fwp%2Fv2%2Fcomments&post=12"}],"version-history":[{"count":132,"href":"https:\/\/galants.nu\/index.php?rest_route=\/wp\/v2\/pages\/12\/revisions"}],"predecessor-version":[{"id":2111,"href":"https:\/\/galants.nu\/index.php?rest_route=\/wp\/v2\/pages\/12\/revisions\/2111"}],"wp:attachment":[{"href":"https:\/\/galants.nu\/index.php?rest_route=%2Fwp%2Fv2%2Fmedia&parent=12"}],"curies":[{"name":"wp","href":"https:\/\/api.w.org\/{rel}","templated":true}]}}