{"id":10,"date":"2011-09-17T12:26:37","date_gmt":"2011-09-17T12:26:37","guid":{"rendered":"http:\/\/galants.nu\/?page_id=10"},"modified":"2025-10-10T19:39:05","modified_gmt":"2025-10-10T17:39:05","slug":"om-kenneln","status":"publish","type":"page","link":"https:\/\/galants.nu\/?page_id=10","title":{"rendered":"Presentation"},"content":{"rendered":"<hr \/>\n<div id=\"attachment_772\" style=\"width: 437px\" class=\"wp-caption aligncenter\"><img loading=\"lazy\" decoding=\"async\" aria-describedby=\"caption-attachment-772\" class=\"size-full wp-image-772\" src=\"https:\/\/galants.nu\/wp-content\/uploads\/2013\/02\/IMG_9178.jpg\" alt=\"\" width=\"427\" height=\"640\" srcset=\"https:\/\/galants.nu\/wp-content\/uploads\/2013\/02\/IMG_9178.jpg 427w, https:\/\/galants.nu\/wp-content\/uploads\/2013\/02\/IMG_9178-200x300.jpg 200w\" sizes=\"auto, (max-width: 427px) 100vw, 427px\" \/><p id=\"caption-attachment-772\" class=\"wp-caption-text\">Riddarens Vackra Anna 12 \u00e5r<\/p><\/div>\n<p>Min uppf\u00f6dning av Dansk\/Svensk G\u00e5rdshund startade med Riddarens Vackra Anna. En h\u00e4rlig hund med milt temperament.<br \/>\nDet har blivit tv\u00e5 kullar efter henne i Galants Kennel. Tyv\u00e4rr gick Anna bort i februari 2013 i en \u00e5lder av 12 \u00e5r.<\/p>\n<p>Idag finns tv\u00e5 unga tikar i kenneln som jag planerar l\u00e5t g\u00e5 i avel.<\/p>\n<p><i>Mitt m\u00e5l med avelsarbetet \u00e4r att f\u00f6da upp rastypiska hundar med utm\u00e4rkt mentalitet som kan fungera i v\u00e5rt samh\u00e4lle i dag.<\/i><br \/>\n<strong>\u00a0<\/strong>Mina\u00a0<em>hundar, bor inomhus tillsammans med mig. Valphagen finns mitt ibland oss. Det \u00e4r en ynnest att f\u00e5 vara med och se de sm\u00e5 valparna v\u00e4xa upp och utvecklas till olika sm\u00e5 individer. Gl\u00e4djen \u00f6ver att se dem leka o busa med varandra och med de vuxna hundarna \u00e4r obetalbar.<\/em><br \/>\n<em> Mina hundar vistas dagligen utomhus i skog o mark, d\u00e4r f\u00e5r de utlopp f\u00f6r sin energi o leker s\u00e5 det st\u00e5r h\u00e4rliga till.<\/em><\/p>\n","protected":false},"excerpt":{"rendered":"<p>Min uppf\u00f6dning av Dansk\/Svensk G\u00e5rdshund startade med Riddarens Vackra Anna. En h\u00e4rlig hund med milt temperament. Det har blivit tv\u00e5 kullar efter henne i Galants Kennel. Tyv\u00e4rr gick Anna bort i februari 2013 i en \u00e5lder av 12 \u00e5r. Idag &hellip; <a href=\"https:\/\/galants.nu\/?page_id=10\">Forts\u00e4tt l\u00e4sa <span class=\"meta-nav\">&rarr;<\/span><\/a><\/p>\n","protected":false},"author":1,"featured_media":0,"parent":0,"menu_order":10,"comment_status":"closed","ping_status":"closed","template":"onecolumn-page.php","meta":{"footnotes":""},"class_list":["post-10","page","type-page","status-publish","hentry"],"_links":{"self":[{"href":"https:\/\/galants.nu\/index.php?rest_route=\/wp\/v2\/pages\/10","targetHints":{"allow":["GET"]}}],"collection":[{"href":"https:\/\/galants.nu\/index.php?rest_route=\/wp\/v2\/pages"}],"about":[{"href":"https:\/\/galants.nu\/index.php?rest_route=\/wp\/v2\/types\/page"}],"author":[{"embeddable":true,"href":"https:\/\/galants.nu\/index.php?rest_route=\/wp\/v2\/users\/1"}],"replies":[{"embeddable":true,"href":"https:\/\/galants.nu\/index.php?rest_route=%2Fwp%2Fv2%2Fcomments&post=10"}],"version-history":[{"count":26,"href":"https:\/\/galants.nu\/index.php?rest_route=\/wp\/v2\/pages\/10\/revisions"}],"predecessor-version":[{"id":2074,"href":"https:\/\/galants.nu\/index.php?rest_route=\/wp\/v2\/pages\/10\/revisions\/2074"}],"wp:attachment":[{"href":"https:\/\/galants.nu\/index.php?rest_route=%2Fwp%2Fv2%2Fmedia&parent=10"}],"curies":[{"name":"wp","href":"https:\/\/api.w.org\/{rel}","templated":true}]}}